{"id":932,"date":"2022-12-05T09:38:26","date_gmt":"2022-12-05T09:38:26","guid":{"rendered":"https:\/\/shop-no.boxingsisters.com\/angrerett\/"},"modified":"2023-08-27T07:29:43","modified_gmt":"2023-08-27T07:29:43","slug":"angrerett","status":"publish","type":"page","link":"https:\/\/shop-no.boxingsisters.com\/no\/angrerett\/","title":{"rendered":"Angrerett"},"content":{"rendered":"\t\t<div data-elementor-type=\"wp-page\" data-elementor-id=\"932\" class=\"elementor elementor-932 elementor-32\">\n\t\t\t\t\t\t\t\t\t<section class=\"elementor-section elementor-top-section elementor-element elementor-element-28a53787 elementor-section-full_width elementor-section-height-min-height elementor-section-items-top elementor-section-height-default\" data-id=\"28a53787\" data-element_type=\"section\" data-settings=\"{&quot;background_background&quot;:&quot;classic&quot;}\">\n\t\t\t\t\t\t<div class=\"elementor-container elementor-column-gap-default\">\n\t\t\t\t\t<div class=\"elementor-column elementor-col-100 elementor-top-column elementor-element elementor-element-441b6164\" data-id=\"441b6164\" data-element_type=\"column\" data-settings=\"{&quot;background_background&quot;:&quot;classic&quot;}\">\n\t\t\t<div class=\"elementor-widget-wrap elementor-element-populated\">\n\t\t\t\t\t\t\t\t<section class=\"elementor-section elementor-inner-section elementor-element elementor-element-6b14809e elementor-section-height-min-height elementor-section-boxed elementor-section-height-default\" data-id=\"6b14809e\" data-element_type=\"section\">\n\t\t\t\t\t\t<div class=\"elementor-container elementor-column-gap-default\">\n\t\t\t\t\t<div class=\"elementor-column elementor-col-100 elementor-inner-column elementor-element elementor-element-1ac0614a\" data-id=\"1ac0614a\" data-element_type=\"column\">\n\t\t\t<div class=\"elementor-widget-wrap elementor-element-populated\">\n\t\t\t\t\t\t\t\t<div class=\"elementor-element elementor-element-6dfe581b elementor-widget elementor-widget-heading\" data-id=\"6dfe581b\" data-element_type=\"widget\" data-widget_type=\"heading.default\">\n\t\t\t\t<div class=\"elementor-widget-container\">\n\t\t\t<style>\/*! elementor - v3.8.1 - 13-11-2022 *\/\n.elementor-heading-title{padding:0;margin:0;line-height:1}.elementor-widget-heading .elementor-heading-title[class*=elementor-size-]>a{color:inherit;font-size:inherit;line-height:inherit}.elementor-widget-heading .elementor-heading-title.elementor-size-small{font-size:15px}.elementor-widget-heading .elementor-heading-title.elementor-size-medium{font-size:19px}.elementor-widget-heading .elementor-heading-title.elementor-size-large{font-size:29px}.elementor-widget-heading .elementor-heading-title.elementor-size-xl{font-size:39px}.elementor-widget-heading .elementor-heading-title.elementor-size-xxl{font-size:59px}<\/style><h1 class=\"elementor-heading-title elementor-size-default\">Angrerett<\/h1>\t\t<\/div>\n\t\t\t\t<\/div>\n\t\t\t\t\t<\/div>\n\t\t<\/div>\n\t\t\t\t\t\t\t<\/div>\n\t\t<\/section>\n\t\t\t\t\t<\/div>\n\t\t<\/div>\n\t\t\t\t\t\t\t<\/div>\n\t\t<\/section>\n\t\t\t\t<section class=\"elementor-section elementor-top-section elementor-element elementor-element-2b426244 elementor-section-full_width elementor-section-height-default elementor-section-height-default\" data-id=\"2b426244\" data-element_type=\"section\">\n\t\t\t\t\t\t<div class=\"elementor-container elementor-column-gap-default\">\n\t\t\t\t\t<div class=\"elementor-column elementor-col-100 elementor-top-column elementor-element elementor-element-3640d070\" data-id=\"3640d070\" data-element_type=\"column\">\n\t\t\t<div class=\"elementor-widget-wrap elementor-element-populated\">\n\t\t\t\t\t\t\t\t<section class=\"elementor-section elementor-inner-section elementor-element elementor-element-2b99ec05 elementor-section-full_width elementor-section-height-min-height elementor-reverse-tablet elementor-reverse-mobile elementor-section-height-default\" data-id=\"2b99ec05\" data-element_type=\"section\" data-settings=\"{&quot;background_background&quot;:&quot;classic&quot;}\">\n\t\t\t\t\t\t<div class=\"elementor-container elementor-column-gap-wide\">\n\t\t\t\t\t<div class=\"elementor-column elementor-col-50 elementor-inner-column elementor-element elementor-element-efac556\" data-id=\"efac556\" data-element_type=\"column\" data-settings=\"{&quot;background_background&quot;:&quot;classic&quot;}\">\n\t\t\t<div class=\"elementor-widget-wrap elementor-element-populated\">\n\t\t\t\t\t\t\t\t<div class=\"elementor-element elementor-element-45f6f5c6 elementor-widget__width-initial elementor-widget elementor-widget-text-editor\" data-id=\"45f6f5c6\" data-element_type=\"widget\" data-widget_type=\"text-editor.default\">\n\t\t\t\t<div class=\"elementor-widget-container\">\n\t\t\t<style>\/*! elementor - v3.8.1 - 13-11-2022 *\/\n.elementor-widget-text-editor.elementor-drop-cap-view-stacked .elementor-drop-cap{background-color:#818a91;color:#fff}.elementor-widget-text-editor.elementor-drop-cap-view-framed .elementor-drop-cap{color:#818a91;border:3px solid;background-color:transparent}.elementor-widget-text-editor:not(.elementor-drop-cap-view-default) .elementor-drop-cap{margin-top:8px}.elementor-widget-text-editor:not(.elementor-drop-cap-view-default) .elementor-drop-cap-letter{width:1em;height:1em}.elementor-widget-text-editor .elementor-drop-cap{float:left;text-align:center;line-height:1;font-size:50px}.elementor-widget-text-editor .elementor-drop-cap-letter{display:inline-block}<\/style>\t\t\t\t<h3>AVBESTILLINGSREGLER<\/h3>\n<p>I det f\u00f8lgende informerer vi deg om din lovbestemte angrerett, som du har rett til n\u00e5r du inng\u00e5r en medlemskapsavtale p\u00e5 nettet eller utenfor v\u00e5re forretningslokaler. <\/p>\n<h3>Angrerett<\/h3>\n<p>Hvis avtalen ble inng\u00e5tt p\u00e5 nettet eller utenfor v\u00e5re forretningslokaler (f.eks. ved forh\u00e5ndssalg), har du rett til \u00e5 trekke tilbake avtalen innen fjorten dager uten \u00e5 oppgi noen grunn.<\/p>\n<p style=\"text-align: left;\">Angreretten er fjorten dager fra den dagen kontrakten ble inng\u00e5tt.<\/p>\n<p>For \u00e5 ut\u00f8ve din angrerett m\u00e5 du informere oss (Boxing Sisters GmbH, Pappelallee 78\/79, 10437 Berlin, tlf: +49 (0) 30 1663 7050, e-post: kundenservice(at)boxingsisters.de) ved hjelp av en tydelig erkl\u00e6ring (f.eks. et brev eller en e-post sendt per post) om din beslutning om \u00e5 g\u00e5 fra denne avtalen. Til dette form\u00e5let kan du bruke det vedlagte eksempelet p\u00e5 angrerettskjema, som imidlertid ikke er obligatorisk.<\/p>\n<p>For \u00e5 overholde angrefristen er det tilstrekkelig at du sender meldingen om ut\u00f8velse av angreretten f\u00f8r utl\u00f8pet av angrefristen.<\/p>\n<h3>Konsekvenser av tilbakekallingen<\/h3>\n<p>Hvis du angrer p\u00e5 denne avtalen, skal vi tilbakebetale alle betalinger vi har mottatt fra deg, inkludert leveringskostnader (med unntak av ekstra kostnader som f\u00f8lge av at du har valgt en annen type levering enn den gunstigste standardleveringen vi tilbyr), uten un\u00f8dig forsinkelse og senest innen fjorten dager fra den dagen vi mottok meldingen om at du angrer p\u00e5 denne avtalen. For denne tilbakebetalingen vil vi bruke samme betalingsmiddel som du brukte for den opprinnelige transaksjonen, med mindre annet er uttrykkelig avtalt med deg; du vil ikke i noe tilfelle bli belastet noen gebyrer p\u00e5 grunn av denne tilbakebetalingen.<\/p>\n<p>Hvis du har bedt om at tjenestene skal p\u00e5begynnes i angrerettsperioden, skal du betale oss et rimelig bel\u00f8p som tilsvarer andelen av tjenestene som allerede er levert frem til det tidspunktet du varsler oss om ut\u00f8velsen av angreretten med hensyn til denne kontrakten, sammenlignet med det totale omfanget av tjenestene som er fastsatt i kontrakten.<\/p>\n<h3>Eksempel p\u00e5 avbestillingsskjema<\/h3>\n<p>(Hvis du \u00f8nsker \u00e5 oppheve kontrakten, m\u00e5 du fylle ut og returnere dette skjemaet).<\/p>\n<p>To Boxing Sisters GmbH, Pappelallee 78\/79, 10437 BERLIN, e-mail: kundenservice@boxingsisters.com<\/p>\n<p>Jeg\/vi (*) angrer herved p\u00e5 kontrakten jeg\/vi (*) har inng\u00e5tt om kj\u00f8p av f\u00f8lgende varer (*)\/levering av f\u00f8lgende tjeneste (*).<\/p>\n<p>Bestilt den (*)\/mottatt den (*)<\/p>\n<p>Navn p\u00e5 forbruker(e)<\/p>\n<p>Forbrukerens\/forbrukernes adresse<\/p>\n<p>Forbrukerens\/forbrukernes underskrift (kun ved kommunikasjon p\u00e5 papir)<\/p>\n<p>Dato<br \/>_______ (*) Slett der det ikke er aktuelt.<\/p>\n\t\t\t\t\t\t<\/div>\n\t\t\t\t<\/div>\n\t\t\t\t\t<\/div>\n\t\t<\/div>\n\t\t\t\t<div class=\"elementor-column elementor-col-50 elementor-inner-column elementor-element elementor-element-111a9f53\" data-id=\"111a9f53\" data-element_type=\"column\" data-settings=\"{&quot;background_background&quot;:&quot;classic&quot;}\">\n\t\t\t<div class=\"elementor-widget-wrap elementor-element-populated\">\n\t\t\t\t\t\t\t\t<div class=\"elementor-element elementor-element-6f218db4 elementor-widget elementor-widget-spacer\" data-id=\"6f218db4\" data-element_type=\"widget\" data-widget_type=\"spacer.default\">\n\t\t\t\t<div class=\"elementor-widget-container\">\n\t\t\t<style>\/*! elementor - v3.8.1 - 13-11-2022 *\/\n.elementor-column .elementor-spacer-inner{height:var(--spacer-size)}.e-con{--container-widget-width:100%}.e-con-inner>.elementor-widget-spacer,.e-con>.elementor-widget-spacer{width:var(--container-widget-width,var(--spacer-size));-ms-flex-item-align:stretch;align-self:stretch;-ms-flex-negative:0;flex-shrink:0}.e-con-inner>.elementor-widget-spacer>.elementor-widget-container,.e-con-inner>.elementor-widget-spacer>.elementor-widget-container>.elementor-spacer,.e-con>.elementor-widget-spacer>.elementor-widget-container,.e-con>.elementor-widget-spacer>.elementor-widget-container>.elementor-spacer{height:100%}.e-con-inner>.elementor-widget-spacer>.elementor-widget-container>.elementor-spacer>.elementor-spacer-inner,.e-con>.elementor-widget-spacer>.elementor-widget-container>.elementor-spacer>.elementor-spacer-inner{height:var(--container-widget-height,var(--spacer-size))}<\/style>\t\t<div class=\"elementor-spacer\">\n\t\t\t<div class=\"elementor-spacer-inner\"><\/div>\n\t\t<\/div>\n\t\t\t\t<\/div>\n\t\t\t\t<\/div>\n\t\t\t\t\t<\/div>\n\t\t<\/div>\n\t\t\t\t\t\t\t<\/div>\n\t\t<\/section>\n\t\t\t\t\t<\/div>\n\t\t<\/div>\n\t\t\t\t\t\t\t<\/div>\n\t\t<\/section>\n\t\t\t\t\t\t\t<\/div>\n\t\t","protected":false},"excerpt":{"rendered":"<p>Angrerett AVBESTILLINGSREGLER I det f\u00f8lgende informerer vi deg om din lovbestemte angrerett, som du har rett til n\u00e5r du inng\u00e5r en medlemskapsavtale p\u00e5 nettet eller utenfor v\u00e5re forretningslokaler. Angrerett Hvis avtalen ble inng\u00e5tt p\u00e5 nettet eller utenfor v\u00e5re forretningslokaler (f.eks. ved forh\u00e5ndssalg), har du rett til \u00e5 trekke tilbake avtalen innen fjorten dager uten \u00e5 [&hellip;]<\/p>\n","protected":false},"author":1,"featured_media":0,"parent":0,"menu_order":0,"comment_status":"closed","ping_status":"closed","template":"elementor_header_footer","meta":{"inline_featured_image":false,"footnotes":""},"class_list":["post-932","page","type-page","status-publish","hentry"],"_links":{"self":[{"href":"https:\/\/shop-no.boxingsisters.com\/no\/wp-json\/wp\/v2\/pages\/932","targetHints":{"allow":["GET"]}}],"collection":[{"href":"https:\/\/shop-no.boxingsisters.com\/no\/wp-json\/wp\/v2\/pages"}],"about":[{"href":"https:\/\/shop-no.boxingsisters.com\/no\/wp-json\/wp\/v2\/types\/page"}],"author":[{"embeddable":true,"href":"https:\/\/shop-no.boxingsisters.com\/no\/wp-json\/wp\/v2\/users\/1"}],"replies":[{"embeddable":true,"href":"https:\/\/shop-no.boxingsisters.com\/no\/wp-json\/wp\/v2\/comments?post=932"}],"version-history":[{"count":1,"href":"https:\/\/shop-no.boxingsisters.com\/no\/wp-json\/wp\/v2\/pages\/932\/revisions"}],"predecessor-version":[{"id":933,"href":"https:\/\/shop-no.boxingsisters.com\/no\/wp-json\/wp\/v2\/pages\/932\/revisions\/933"}],"wp:attachment":[{"href":"https:\/\/shop-no.boxingsisters.com\/no\/wp-json\/wp\/v2\/media?parent=932"}],"curies":[{"name":"wp","href":"https:\/\/api.w.org\/{rel}","templated":true}]}}