{"id":935,"date":"2022-12-06T12:58:29","date_gmt":"2022-12-06T12:58:29","guid":{"rendered":"https:\/\/shop-no.boxingsisters.com\/vilkar-og-betingelser\/"},"modified":"2023-08-27T07:40:20","modified_gmt":"2023-08-27T07:40:20","slug":"vilkar-og-betingelser","status":"publish","type":"page","link":"https:\/\/shop-no.boxingsisters.com\/no\/vilkar-og-betingelser\/","title":{"rendered":"Vilk\u00e5r og betingelser"},"content":{"rendered":"\t\t<div data-elementor-type=\"wp-page\" data-elementor-id=\"935\" class=\"elementor elementor-935 elementor-166\">\n\t\t\t\t\t\t\t\t\t<section class=\"elementor-section elementor-top-section elementor-element elementor-element-5e15068b elementor-section-full_width elementor-section-height-min-height elementor-section-items-top elementor-section-height-default\" data-id=\"5e15068b\" data-element_type=\"section\" data-settings=\"{&quot;background_background&quot;:&quot;classic&quot;}\">\n\t\t\t\t\t\t<div class=\"elementor-container elementor-column-gap-default\">\n\t\t\t\t\t<div class=\"elementor-column elementor-col-100 elementor-top-column elementor-element elementor-element-6159e6f9\" data-id=\"6159e6f9\" data-element_type=\"column\" data-settings=\"{&quot;background_background&quot;:&quot;classic&quot;}\">\n\t\t\t<div class=\"elementor-widget-wrap elementor-element-populated\">\n\t\t\t\t\t\t\t\t<section class=\"elementor-section elementor-inner-section elementor-element elementor-element-5e5382c8 elementor-section-height-min-height elementor-section-boxed elementor-section-height-default\" data-id=\"5e5382c8\" data-element_type=\"section\">\n\t\t\t\t\t\t<div class=\"elementor-container elementor-column-gap-default\">\n\t\t\t\t\t<div class=\"elementor-column elementor-col-100 elementor-inner-column elementor-element elementor-element-57442ba\" data-id=\"57442ba\" data-element_type=\"column\">\n\t\t\t<div class=\"elementor-widget-wrap elementor-element-populated\">\n\t\t\t\t\t\t\t\t<div class=\"elementor-element elementor-element-5de94fd elementor-widget elementor-widget-heading\" data-id=\"5de94fd\" data-element_type=\"widget\" data-widget_type=\"heading.default\">\n\t\t\t\t<div class=\"elementor-widget-container\">\n\t\t\t<style>\/*! elementor - v3.8.1 - 13-11-2022 *\/\n.elementor-heading-title{padding:0;margin:0;line-height:1}.elementor-widget-heading .elementor-heading-title[class*=elementor-size-]>a{color:inherit;font-size:inherit;line-height:inherit}.elementor-widget-heading .elementor-heading-title.elementor-size-small{font-size:15px}.elementor-widget-heading .elementor-heading-title.elementor-size-medium{font-size:19px}.elementor-widget-heading .elementor-heading-title.elementor-size-large{font-size:29px}.elementor-widget-heading .elementor-heading-title.elementor-size-xl{font-size:39px}.elementor-widget-heading .elementor-heading-title.elementor-size-xxl{font-size:59px}<\/style><h1 class=\"elementor-heading-title elementor-size-default\">VILK\u00c5R OG BETINGELSER<\/h1>\t\t<\/div>\n\t\t\t\t<\/div>\n\t\t\t\t\t<\/div>\n\t\t<\/div>\n\t\t\t\t\t\t\t<\/div>\n\t\t<\/section>\n\t\t\t\t\t<\/div>\n\t\t<\/div>\n\t\t\t\t\t\t\t<\/div>\n\t\t<\/section>\n\t\t\t\t<section class=\"elementor-section elementor-top-section elementor-element elementor-element-46805e46 elementor-section-full_width elementor-section-height-default elementor-section-height-default\" data-id=\"46805e46\" data-element_type=\"section\">\n\t\t\t\t\t\t<div class=\"elementor-container elementor-column-gap-default\">\n\t\t\t\t\t<div class=\"elementor-column elementor-col-100 elementor-top-column elementor-element elementor-element-1b43569a\" data-id=\"1b43569a\" data-element_type=\"column\">\n\t\t\t<div class=\"elementor-widget-wrap elementor-element-populated\">\n\t\t\t\t\t\t\t\t<section class=\"elementor-section elementor-inner-section elementor-element elementor-element-1e96db49 elementor-section-full_width elementor-section-height-min-height elementor-reverse-tablet elementor-reverse-mobile elementor-section-height-default\" data-id=\"1e96db49\" data-element_type=\"section\" data-settings=\"{&quot;background_background&quot;:&quot;classic&quot;}\">\n\t\t\t\t\t\t<div class=\"elementor-container elementor-column-gap-wide\">\n\t\t\t\t\t<div class=\"elementor-column elementor-col-50 elementor-inner-column elementor-element elementor-element-63535a39\" data-id=\"63535a39\" data-element_type=\"column\" data-settings=\"{&quot;background_background&quot;:&quot;classic&quot;}\">\n\t\t\t<div class=\"elementor-widget-wrap elementor-element-populated\">\n\t\t\t\t\t\t\t\t<div class=\"elementor-element elementor-element-64ad964a elementor-widget__width-initial elementor-widget elementor-widget-text-editor\" data-id=\"64ad964a\" data-element_type=\"widget\" data-widget_type=\"text-editor.default\">\n\t\t\t\t<div class=\"elementor-widget-container\">\n\t\t\t<style>\/*! elementor - v3.8.1 - 13-11-2022 *\/\n.elementor-widget-text-editor.elementor-drop-cap-view-stacked .elementor-drop-cap{background-color:#818a91;color:#fff}.elementor-widget-text-editor.elementor-drop-cap-view-framed .elementor-drop-cap{color:#818a91;border:3px solid;background-color:transparent}.elementor-widget-text-editor:not(.elementor-drop-cap-view-default) .elementor-drop-cap{margin-top:8px}.elementor-widget-text-editor:not(.elementor-drop-cap-view-default) .elementor-drop-cap-letter{width:1em;height:1em}.elementor-widget-text-editor .elementor-drop-cap{float:left;text-align:center;line-height:1;font-size:50px}.elementor-widget-text-editor .elementor-drop-cap-letter{display:inline-block}<\/style>\t\t\t\t<p><strong>Generelle vilk\u00e5r og betingelser for selskapet<\/strong><\/p>\n<p>Boxing Sisters GmbH <br \/>Pappelallee 78\/79 <br \/>10437 Berlin <br \/>Telefon +49(0)30 16 63 70 50 <br \/>E-post: <a href=\"mailto:kundenservice@boxinsisters.com\">kundenservice@boxinsisters.com<\/a><\/p>\n<p>Handelsregisternummer HRB 231807 B Handelsregisteret til tingretten i Charlottenburg<\/p>\n<p>Identifikasjonsnummer for merverdiavgift i henhold til \u00a7 27a UmStG DE347050806<\/p>\n<h3>1. Definisjoner<\/h3>\n<ol>\n<li>Med mindre annet f\u00f8lger av sammenhengen, skal f\u00f8lgende begreper ha f\u00f8lgende betydning i denne avtalen.<\/li>\n<li>Generelle vilk\u00e5r og betingelser: de generelle vilk\u00e5rene og betingelsene som brukes av Boxing Sisters GmbH.<\/li>\n<li>Fitness: en tjeneste rettet mot fysisk og\/eller mental aktivitet.<\/li>\n<li>Kunde: en fysisk person som ikke opptrer i forbindelse med yrkesmessig eller kommersiell virksomhet, og som inng\u00e5r en avtale om treningstjenester.<\/li>\n<li>Selskap: Boxing Sisters<\/li>\n<li>Kontrakt: Kontrakt mellom selskapet og kunden om levering av treningstjenester.<\/li>\n<\/ol>\n<h3>2. anvendelsesomr\u00e5det for de generelle vilk\u00e5rene og betingelsene<\/h3>\n<ol>\n<li>Forretningsforholdet mellom selskapet og kunden reguleres utelukkende av disse generelle vilk\u00e5rene i den versjonen som gjelder p\u00e5 tidspunktet for kontraktsinng\u00e5elsen.<\/li>\n<\/ol>\n<h3>3. inng\u00e5else av kontrakt<\/h3>\n<ol>\n<li>Ved \u00e5 fylle ut skjemaet &#8220;Jeg \u00f8nsker \u00e5 motta startinformasjon&#8221; p\u00e5 Selskapets hjemmeside, uttrykker Kunden sin interesse for et kurs organisert av Selskapet. F\u00f8r skjemaet sendes, har kunden mulighet til \u00e5 kontrollere opplysningene hun har fylt ut. Etter \u00e5 ha sendt skjemaet mottar kunden en automatisk generert e-post eller WhatsApp-melding. I denne elektroniske meldingen mottar kunden all informasjon om avtaleinng\u00e5elsen. Mottak av denne automatiske e-posten eller denne automatiske WhatsApp-meldingen utgj\u00f8r ikke en kontrakt.<\/li>\n<li>Avtalen mellom selskapet og kunden inng\u00e5s ved betaling av avgiften for kurset eller medlemskapet. Betalingen kan gj\u00f8res ved \u00e5 klikke p\u00e5 en lenke i den automatisk genererte e-posten eller WhatsApp-meldingen, slik at kunden omdirigeres til selskapets betalingsside ved \u00e5 klikke p\u00e5 den. P\u00e5 dette nettstedet kan kunden foreta betalingen via en betalingstjeneste som tilbys av selskapet. N\u00e5r betalingen er gjennomf\u00f8rt, inng\u00e5s det en kontrakt mellom selskapet og kunden.<\/li>\n<li>Innholdet i kontrakten og andre dokumenter som selskapet gj\u00f8r tilgjengelig for kunden, skal behandles strengt konfidensielt.<\/li>\n<li>Kontrakter med mindre\u00e5rige (under 18 \u00e5r) kan ikke inng\u00e5s. Deltakelse er kun tillatt for voksne over 18 \u00e5r.<\/li>\n<\/ol>\n<h3>4. Angrerett<\/h3>\n<ol>\n<li>Kunden har rett til \u00e5 trekke seg fra kontrakten innen fjorten dager fra kontraktsinng\u00e5elsen uten \u00e5 oppgi noen grunn. For \u00e5 ut\u00f8ve angreretten m\u00e5 kunden informere selskapet ved hjelp av et skjema om at avtaleinng\u00e5elsen skal oppheves. Skjemaet kan sendes til selskapet per post, faks eller e-post. For \u00e5 overholde angrerettsfristen er det tilstrekkelig \u00e5 sende skjemaet om ut\u00f8velse av angreretten f\u00f8r utl\u00f8pet av angrerettsfristen. Angreretten opph\u00f8rer imidlertid n\u00e5r forbrukeren bruker treningstjenesten for tidlig.<\/li>\n<li>Hvis forbrukeren angrer p\u00e5 avtalen, skal selskapet tilbakebetale alle betalinger forbrukeren har foretatt uten opphold og senest 14 dager etter at selskapet mottok angreretten. For denne tilbakebetalingen vil selskapet bruke samme betalingsmiddel som forbrukeren brukte for den opprinnelige betalingen, med mindre annet er uttrykkelig avtalt; forbrukeren vil ikke i noe tilfelle bli belastet for denne tilbakebetalingen.<\/li>\n<\/ol>\n<h3>5. Tjenestens innhold og omfang<\/h3>\n<ol>\n<li>Tjenestetype og -omfang bestemmes av treningsavtalen og de tilleggspakker som tilbys og velges (f.eks. personlig coaching).<\/li>\n<li>Medlemskapet er personlig. Overf\u00f8ring av medlemskap til tredjepart er utelukket uten skriftlig samtykke fra selskapet.<\/li>\n<\/ol>\n<h3>6. kontraktens varighet og (f\u00f8rtidig) oppsigelse av kontrakten<\/h3>\n<ol>\n<li>Selskapet tilbyr kunden minst ett av f\u00f8lgende valg:\n<ol>\n<li>Introduksjonskurset, der kunden f\u00e5r 16 studiepoeng som hun fritt kan bruke i l\u00f8pet av en periode p\u00e5 fire m\u00e5neder p\u00e5 et av kursene som tilbys av selskapet (Boxing Sisters nybegynnerkurs og videreg\u00e5ende kurs). Avtalen opph\u00f8rer automatisk etter at kredittene er brukt opp eller etter at firem\u00e5nedersperioden er utl\u00f8pt, og krever ingen ytterligere oppsigelse. En midlertidig oppsigelse uten saklig grunn er utelukket her.<\/li>\n<li>Et fleksibelt medlemskap for en periode p\u00e5 fire uker, som kan sies opp m\u00e5nedlig med en m\u00e5neds varsel til slutten av hver m\u00e5ned. Deltakelse p\u00e5 et nybegynnerkurs er en forutsetning for dette medlemskapet.<\/li>\n<li>Et lojalitetsmedlemskap for en periode p\u00e5 minst ett \u00e5r, som kan sies opp ved utl\u00f8pet av denne avtaleperioden med \u00e9n m\u00e5neds varsel til slutten av hver m\u00e5ned. Participation in a beginner&#8217;s course is a prerequisite for this membership.<\/li>\n<\/ol>\n<\/li>\n<li>Dersom oppsigelse ikke er gitt i tide, forlenges kontrakten stilltiende med 4 uker etter oppsigelsesfristens utl\u00f8p. Den forlengede kontrakten kan sies opp n\u00e5r som helst med en m\u00e5neds oppsigelsestid.<\/li>\n<li>Hvis avtalen er inng\u00e5tt for en periode p\u00e5 mer enn ett \u00e5r, kan kunden si opp avtalen ved utl\u00f8pet av denne perioden med \u00e9n m\u00e5neds varsel.<\/li>\n<li>Ekstraordin\u00e6r oppsigelse fra kundens side er mulig hvis:\n<ol>\n<li>forbrukeren flytter bostedet sitt utenfor en radius p\u00e5 20 km fra treningssenteret som medlemskapet ble inng\u00e5tt for. Dette m\u00e5 dokumenteres med en oppf\u00f8ring i beboerregisteret.<\/li>\n<li>kunden p\u00e5 grunn av en skade eller sykdom som gj\u00f8r det umulig eller skadelig \u00e5 fortsette \u00e5 bruke selskapets tilbud. I den grad bruk av enkelte, ikke helt ubetydelige deler fortsatt er mulig, er ekstraordin\u00e6r oppsigelse ikke tillatt.<\/li>\n<li>Kunden er gravid.<\/li>\n<\/ol>\n<\/li>\n<li>Oppsigelsen av kontrakten m\u00e5 v\u00e6re skriftlig.<\/li>\n<li>I tillegg til oppsigelsesmuligheten nevnt i punkt 4, har kunden ogs\u00e5 mulighet til \u00e5 fryse kontrakten. I tilfelle sykdom eller skade som gj\u00f8r det umulig eller skadelig \u00e5 benytte seg av selskapets tilbud i en periode p\u00e5 mer enn \u00e9n m\u00e5ned, kan kunden angi at hun ikke vil benytte seg av treningstilbudet i mer enn \u00e9n m\u00e5ned p\u00e5 grunn av skade eller sykdom, og avtalens l\u00f8petid forlenges med denne perioden uten at det p\u00e5l\u00f8per ekstra premiekostnader for denne perioden.<\/li>\n<li>Ekstraordin\u00e6r oppsigelse fra selskapets side er mulig med umiddelbar virkning hvis:\n<ol>\n<li>Kunden bryter en eller flere bestemmelser i disse vilk\u00e5rene eller gjeldende (hus)regler.<\/li>\n<li>forbrukeren oppf\u00f8rer seg ulovlig overfor entrepren\u00f8ren eller en av entrepren\u00f8rens avtaleparter<\/li>\n<li>Hvis kunden er i restanse med betaling av et bel\u00f8p tilsvarende to m\u00e5neders avgifter, gir dette selskapet rett til \u00e5 si opp avtalen uten varsel dersom det foreligger saklig grunn.<\/li>\n<\/ol>\n<\/li>\n<li>Dersom selskapet opph\u00f8rer, kan selskapet midlertidig si opp avtalen med en m\u00e5neds varsel. I s\u00e5 fall refunderes den resterende medlemsavgiften.<\/li>\n<\/ol>\n<h3>7. Priser og prisendringer<\/h3>\n<ol>\n<li>Medlemskontingenten skal betales p\u00e5 forh\u00e5nd<\/li>\n<li>Eventuelle pris\u00f8kninger skal kunngj\u00f8res av leverand\u00f8ren 2 uker i forveien.<\/li>\n<li>Ved pris\u00f8kning har kunden rett til \u00e5 si opp avtalen innen \u00e9n m\u00e5ned etter at pris\u00f8kningen er varslet. Medlemskontingenten som er betalt p\u00e5 forh\u00e5nd, vil bli refundert.<\/li>\n<li>Oppsigelsesmuligheten i nr. 3 gjelder ikke for prisjusteringer basert p\u00e5 prisindeksering p\u00e5 opptil 60 euro per \u00e5r eller for prisjusteringer som f\u00f8lger direkte av loven, for eksempel de som gjelder<\/li>\n<\/ol>\n<h3>8. Selskapets\/leverand\u00f8rens forpliktelser<\/h3>\n<ol>\n<li>Selskapet garanterer at fasilitetene og tjenestene som leveres er i samsvar med kontrakten.<\/li>\n<li>Selskapet skal underkaste utstyret det n\u00f8dvendige vedlikeholdet.<\/li>\n<li>Selskapet garanterer at instrukt\u00f8rene eller veilederne har den kunnskapen som vanligvis kan forventes.<\/li>\n<li>Selskapet skal s\u00f8rge for at det er tilstrekkelig med f\u00f8rstehjelpsutstyr tilgjengelig.<\/li>\n<li>Selskapet iverksetter tiltak for \u00e5 forhindre skade p\u00e5 eller tap av eiendom som tilh\u00f8rer kvinnelige kunder.<\/li>\n<\/ol>\n<h3>9. Kundens forpliktelser<\/h3>\n<ol>\n<li>Kunden m\u00e5 f\u00f8lge instruksjonene fra leverand\u00f8ren og (hus)bestillingen.<\/li>\n<li>Kunden m\u00e5 informere selskapet om eventuelle medisinske kontraindikasjoner mot ut\u00f8velse av sporten.<\/li>\n<li>Kunden m\u00e5 f\u00f8lge instruksjonene fra selskapet eller dets ansatte. Kunden har ikke lov til \u00e5 bruke utstyr eller anlegg som hun ikke er kjent med. Hvis kunden ikke er kjent med ett eller flere apparater eller utstyr, m\u00e5 hun informere selskapet slik at det kan forklare hvordan apparatene eller utstyret skal brukes.<\/li>\n<li>Kunden kan ikke bruke utstyret og fasilitetene hvis han\/hun er p\u00e5virket av alkohol, narkotika, medisiner eller stoffer som betegnes som dopingmidler.<\/li>\n<li>Kunden har ikke lov til \u00e5 r\u00f8yke i treningsomr\u00e5dene som tilbys av selskapet.<\/li>\n<li>Kunden skal informere selskapet i god tid, skriftlig eller elektronisk, om eventuelle endringer i postadresse, e-postadresse, kontonummer og telefonnummer.<\/li>\n<\/ol>\n<h3>10. Forel\u00f8pige endringer<\/h3>\n<ol>\n<li>Selskapet kan foreta midlertidige endringer i tjenestetilbud, lokaler og \u00e5pningstider. Selskapet vil kunngj\u00f8re de planlagte endringene minst 4 uker i forveien.<\/li>\n<li>Ved endringer i henhold til punkt 1 som er til ulempe for kunden, har kunden rett til \u00e5 si opp avtalen med en oppsigelsesfrist p\u00e5 \u00e9n m\u00e5ned etter varsel. Ved oppsigelse refunderes den forskuddsbetalte medlemsavgiften.<\/li>\n<\/ol>\n<h3>11. Betaling<\/h3>\n<ol>\n<li>Forfalte medlemskontingenter skal innkreves p\u00e5 den m\u00e5ten som er avtalt og<\/li>\n<li>Etter utl\u00f8pet av betalingsfristen vil kunden automatisk v\u00e6re i betalingsmislighold. Selskapet vil varsle kunden skriftlig og gi henne mulighet til \u00e5 betale det skyldige bel\u00f8pet innen to uker.<\/li>\n<li>Etter utl\u00f8pet av den nye betalingsfristen forbeholder selskapet seg retten til \u00e5 belaste kunden for misligholdskostnader. Disse inkluderer bankgebyrer ved retur av debetnotaer, purregebyrer ved forsinket betaling etc., samt kostnader ved en ekspedisjon. I tillegg har selskapet rett til \u00e5 nekte kunden tilgang til treningsfasilitetene.<\/li>\n<\/ol>\n<h3>12. Ansvar<\/h3>\n<ol>\n<li>Selskapet er ikke ansvarlig for materielle (f.eks. tyveri) eller immaterielle skader (f.eks. personskader) som oppst\u00e5r under trening, konkurranser eller andre aktiviteter. Dette gjelder ikke ansvar som f\u00f8lge av brudd p\u00e5 en vesentlig kontraktsforpliktelse og ansvar for skade p\u00e5 kunden som f\u00f8lge av skade p\u00e5 liv, legeme eller helse, og gjelder heller ikke for skade som f\u00f8lge av forsettlig eller grovt uaktsomt pliktbrudd fra selskapet, dets juridiske representanter eller stedfortredere. Vesentlige kontraktsforpliktelser er forpliktelser hvis oppfyllelse er avgj\u00f8rende for en korrekt gjennomf\u00f8ring av kontrakten og som kontraktsparten regelmessig kan stole p\u00e5 at blir oppfylt. Spesielt, men ikke utelukkende, skal den kontinuerlige tilveiebringelsen av de fasilitetene som er spesifisert i \u00a7 8 i kontrakten, anses som en vesentlig kontraktsforpliktelse for selskapet. Kunden oppfordres uttrykkelig til ikke \u00e5 ta med verdisaker.<\/li>\n<li>Boksing er en fysisk krevende sport. Kundene anbefales derfor \u00e5 r\u00e5df\u00f8re seg med fastlegen sin om helsetilstanden sin, slik at de er i stand til \u00e5 f\u00f8lge treningen og konkurransene p\u00e5 en ansvarlig m\u00e5te.<\/li>\n<li>Boksesporten er forbundet med risiko. Ved \u00e5 signere p\u00e5meldingsskjemaet erkl\u00e6rer kunden (eller en verge) at han\/hun er klar over disse risikoene og aksepterer dem p\u00e5 egen risiko.<\/li>\n<\/ol>\n<h3>13. Beskyttelse av personopplysninger<\/h3>\n<ol>\n<li>Opplysningene som samles inn via bestillingsskjemaet, vil bli lagret, brukt og om n\u00f8dvendig videreformidlet av Boxing Sisters GmbH i den grad det er n\u00f8dvendig for \u00e5 levere de avtalte tjenestene. Det rettslige grunnlaget er art. 6 para. 1 setning 1 bokstav. b og f DSGVO og, hvis aktuelt, samtykke i henhold til Art. 6 para. 1 setning 1 bokstav. a og art. 9 nr. 2 lit. en DSGVO. Videre behandling vil bare finne sted hvis kunden har samtykket eller hvis det foreligger en juridisk tillatelse.<\/li>\n<\/ol>\n<h3>14. Sluttbestemmelser<\/h3>\n<ol>\n<li>Ved inng\u00e5else av treningsavtalen skal kunden gi sannferdig informasjon om personopplysninger som er relevante for avtalen. Kunden m\u00e5 umiddelbart informere selskapet om eventuelle endringer i opplysninger som er relevante for avtalen (navn, adresse, bankopplysninger osv.).<\/li>\n<li>Dersom enkelte bestemmelser i disse vilk\u00e5rene er eller blir ugyldige, ber\u00f8res ikke gyldigheten av de \u00f8vrige bestemmelsene i vilk\u00e5rene.<\/li>\n<li>Kontraktsforholdet mellom partene reguleres utelukkende av lovgivningen i Forbundsrepublikken Tyskland, med mindre ufravikelig forbrukervernlovgivning i det EU-medlemslandet der medlemmet er hjemmeh\u00f8rende er i strid med dette. <strong>Kontraktsspr\u00e5ket er tysk.<\/strong><\/li>\n<\/ol>\n\t\t\t\t\t\t<\/div>\n\t\t\t\t<\/div>\n\t\t\t\t\t<\/div>\n\t\t<\/div>\n\t\t\t\t<div class=\"elementor-column elementor-col-50 elementor-inner-column elementor-element elementor-element-8c0126e\" data-id=\"8c0126e\" data-element_type=\"column\" data-settings=\"{&quot;background_background&quot;:&quot;classic&quot;}\">\n\t\t\t<div class=\"elementor-widget-wrap elementor-element-populated\">\n\t\t\t\t\t\t\t\t<div class=\"elementor-element elementor-element-3524e32 elementor-widget elementor-widget-spacer\" data-id=\"3524e32\" data-element_type=\"widget\" data-widget_type=\"spacer.default\">\n\t\t\t\t<div class=\"elementor-widget-container\">\n\t\t\t<style>\/*! elementor - v3.8.1 - 13-11-2022 *\/\n.elementor-column .elementor-spacer-inner{height:var(--spacer-size)}.e-con{--container-widget-width:100%}.e-con-inner>.elementor-widget-spacer,.e-con>.elementor-widget-spacer{width:var(--container-widget-width,var(--spacer-size));-ms-flex-item-align:stretch;align-self:stretch;-ms-flex-negative:0;flex-shrink:0}.e-con-inner>.elementor-widget-spacer>.elementor-widget-container,.e-con-inner>.elementor-widget-spacer>.elementor-widget-container>.elementor-spacer,.e-con>.elementor-widget-spacer>.elementor-widget-container,.e-con>.elementor-widget-spacer>.elementor-widget-container>.elementor-spacer{height:100%}.e-con-inner>.elementor-widget-spacer>.elementor-widget-container>.elementor-spacer>.elementor-spacer-inner,.e-con>.elementor-widget-spacer>.elementor-widget-container>.elementor-spacer>.elementor-spacer-inner{height:var(--container-widget-height,var(--spacer-size))}<\/style>\t\t<div class=\"elementor-spacer\">\n\t\t\t<div class=\"elementor-spacer-inner\"><\/div>\n\t\t<\/div>\n\t\t\t\t<\/div>\n\t\t\t\t<\/div>\n\t\t\t\t\t<\/div>\n\t\t<\/div>\n\t\t\t\t\t\t\t<\/div>\n\t\t<\/section>\n\t\t\t\t\t<\/div>\n\t\t<\/div>\n\t\t\t\t\t\t\t<\/div>\n\t\t<\/section>\n\t\t\t\t\t\t\t<\/div>\n\t\t","protected":false},"excerpt":{"rendered":"<p>VILK\u00c5R OG BETINGELSER Generelle vilk\u00e5r og betingelser for selskapet Boxing Sisters GmbH Pappelallee 78\/79 10437 Berlin Telefon +49(0)30 16 63 70 50 E-post: kundenservice@boxinsisters.com Handelsregisternummer HRB 231807 B Handelsregisteret til tingretten i Charlottenburg Identifikasjonsnummer for merverdiavgift i henhold til \u00a7 27a UmStG DE347050806 1. Definisjoner Med mindre annet f\u00f8lger av sammenhengen, skal f\u00f8lgende begreper ha [&hellip;]<\/p>\n","protected":false},"author":1,"featured_media":0,"parent":0,"menu_order":0,"comment_status":"closed","ping_status":"closed","template":"elementor_header_footer","meta":{"inline_featured_image":false,"footnotes":""},"class_list":["post-935","page","type-page","status-publish","hentry"],"_links":{"self":[{"href":"https:\/\/shop-no.boxingsisters.com\/no\/wp-json\/wp\/v2\/pages\/935","targetHints":{"allow":["GET"]}}],"collection":[{"href":"https:\/\/shop-no.boxingsisters.com\/no\/wp-json\/wp\/v2\/pages"}],"about":[{"href":"https:\/\/shop-no.boxingsisters.com\/no\/wp-json\/wp\/v2\/types\/page"}],"author":[{"embeddable":true,"href":"https:\/\/shop-no.boxingsisters.com\/no\/wp-json\/wp\/v2\/users\/1"}],"replies":[{"embeddable":true,"href":"https:\/\/shop-no.boxingsisters.com\/no\/wp-json\/wp\/v2\/comments?post=935"}],"version-history":[{"count":3,"href":"https:\/\/shop-no.boxingsisters.com\/no\/wp-json\/wp\/v2\/pages\/935\/revisions"}],"predecessor-version":[{"id":938,"href":"https:\/\/shop-no.boxingsisters.com\/no\/wp-json\/wp\/v2\/pages\/935\/revisions\/938"}],"wp:attachment":[{"href":"https:\/\/shop-no.boxingsisters.com\/no\/wp-json\/wp\/v2\/media?parent=935"}],"curies":[{"name":"wp","href":"https:\/\/api.w.org\/{rel}","templated":true}]}}